{"id":2,"date":"2025-06-13T09:57:31","date_gmt":"2025-06-13T07:57:31","guid":{"rendered":"https:\/\/cadiresitaules.com\/?page_id=2"},"modified":"2025-10-21T12:29:14","modified_gmt":"2025-10-21T10:29:14","slug":"pagina-ejemplo","status":"publish","type":"page","link":"https:\/\/cadiresitaules.com\/","title":{"rendered":"Lloguer de cadires i taules a Tarragona"},"content":{"rendered":"\n<div class=\"wp-block-cover alignfull\" style=\"min-height:688px;aspect-ratio:unset;\"><img loading=\"lazy\" decoding=\"async\" width=\"1024\" height=\"1024\" class=\"wp-block-cover__image-background wp-image-48 size-full\" alt=\"Lloguer cadires per a boda a Tarragona\" src=\"https:\/\/cadiresitaules.com\/wp-content\/uploads\/2025\/06\/ChatGPT-Image-13-jun-2025-11_27_32.png\" data-object-fit=\"cover\" srcset=\"https:\/\/cadiresitaules.com\/wp-content\/uploads\/2025\/06\/ChatGPT-Image-13-jun-2025-11_27_32.png 1024w, https:\/\/cadiresitaules.com\/wp-content\/uploads\/2025\/06\/ChatGPT-Image-13-jun-2025-11_27_32-300x300.png 300w, https:\/\/cadiresitaules.com\/wp-content\/uploads\/2025\/06\/ChatGPT-Image-13-jun-2025-11_27_32-150x150.png 150w, https:\/\/cadiresitaules.com\/wp-content\/uploads\/2025\/06\/ChatGPT-Image-13-jun-2025-11_27_32-768x768.png 768w, https:\/\/cadiresitaules.com\/wp-content\/uploads\/2025\/06\/ChatGPT-Image-13-jun-2025-11_27_32-600x600.png 600w\" sizes=\"auto, (max-width: 1024px) 100vw, 1024px\" \/><span aria-hidden=\"true\" class=\"wp-block-cover__background has-black-background-color has-background-dim\"><\/span><div class=\"wp-block-cover__inner-container is-layout-constrained wp-block-cover-is-layout-constrained\">\n<p class=\"has-text-align-center has-large-font-size\" style=\"font-style:normal;font-weight:1000\"><strong>Moblaria Tarragona<\/strong><\/p>\n\n\n\n<h2 class=\"wp-block-heading has-text-align-center has-pale-pink-color has-text-color has-link-color has-medium-font-size wp-elements-0167f84efd6aad2e29c4a5d421599960\">Servicio completo de alquiler de sillas, mesas y complementos en Tarragona para cualquier tipo de evento.<\/h2>\n\n\n\n<div class=\"wp-block-buttons is-content-justification-center is-layout-flex wp-container-core-buttons-is-layout-16018d1d wp-block-buttons-is-layout-flex\">\n<div class=\"wp-block-button has-custom-width wp-block-button__width-25 is-style-outline is-style-outline--1\"><a class=\"wp-block-button__link has-white-color has-text-color has-link-color wp-element-button\" href=\"tel:660146258\" style=\"border-radius:0px\">LL\u00c1MANOS Y TE ASESORAMOS<\/a><\/div>\n<\/div>\n<\/div><\/div>\n\n\n\n<div class=\"wp-block-media-text alignfull is-stacked-on-mobile\"><figure class=\"wp-block-media-text__media\"><img loading=\"lazy\" decoding=\"async\" width=\"1024\" height=\"1024\" src=\"https:\/\/cadiresitaules.com\/wp-content\/uploads\/2025\/06\/ChatGPT-Image-13-jun-2025-11_27_32.png\" alt=\"Lloguer cadires per a boda a Tarragona\" class=\"wp-image-48 size-full\" srcset=\"https:\/\/cadiresitaules.com\/wp-content\/uploads\/2025\/06\/ChatGPT-Image-13-jun-2025-11_27_32.png 1024w, https:\/\/cadiresitaules.com\/wp-content\/uploads\/2025\/06\/ChatGPT-Image-13-jun-2025-11_27_32-300x300.png 300w, https:\/\/cadiresitaules.com\/wp-content\/uploads\/2025\/06\/ChatGPT-Image-13-jun-2025-11_27_32-150x150.png 150w, https:\/\/cadiresitaules.com\/wp-content\/uploads\/2025\/06\/ChatGPT-Image-13-jun-2025-11_27_32-768x768.png 768w, https:\/\/cadiresitaules.com\/wp-content\/uploads\/2025\/06\/ChatGPT-Image-13-jun-2025-11_27_32-600x600.png 600w\" sizes=\"auto, (max-width: 1024px) 100vw, 1024px\" \/><\/figure><div class=\"wp-block-media-text__content\">\n<p class=\"has-large-font-size\">Sillas para bodas<\/p>\n\n\n\n<p class=\"has-medium-font-size\">\u2728 \u00a1Dise\u00f1o, confort y elegancia para tu gran d\u00eda! Descubre nuestra selecci\u00f3n de sillas para bodas y encuentra la perfecta para crear un ambiente \u00fanico y especial.<\/p>\n<\/div><\/div>\n\n\n\n<div class=\"wp-block-media-text alignfull has-media-on-the-right is-stacked-on-mobile\"><div class=\"wp-block-media-text__content\">\n<p class=\"has-large-font-size\">Sillas para eventos<\/p>\n\n\n\n<p class=\"has-medium-font-size\">\ud83c\udf89 \u00a1Celebra con estilo y comodidad! Encuentra las sillas perfectas para tu fiesta de cumplea\u00f1os y crea un ambiente \u00fanico para disfrutar con familia y amigos.<\/p>\n<\/div><figure class=\"wp-block-media-text__media\"><img loading=\"lazy\" decoding=\"async\" width=\"549\" height=\"520\" src=\"https:\/\/cadiresitaules.com\/wp-content\/uploads\/2025\/06\/sillas-de-bodas.jpg\" alt=\"\" class=\"wp-image-68 size-full\" srcset=\"https:\/\/cadiresitaules.com\/wp-content\/uploads\/2025\/06\/sillas-de-bodas.jpg 549w, https:\/\/cadiresitaules.com\/wp-content\/uploads\/2025\/06\/sillas-de-bodas-300x284.jpg 300w\" sizes=\"auto, (max-width: 549px) 100vw, 549px\" \/><\/figure><\/div>\n\n\n\n<div class=\"wp-block-cover alignfull\"><span aria-hidden=\"true\" class=\"wp-block-cover__background has-black-background-color has-background-dim-100 has-background-dim\"><\/span><div class=\"wp-block-cover__inner-container is-layout-constrained wp-block-cover-is-layout-constrained\">\n<p class=\"has-text-align-center has-large-font-size\">FUNDAS ESPECIALES PARA BODAS Y EVENTOS<\/p>\n\n\n\n<p class=\"has-text-align-center has-medium-font-size\">Transforma cualquier evento con nuestras <strong>sillas con funda<\/strong>, una opci\u00f3n elegante y vers\u00e1til que aporta <strong>distinci\u00f3n y armon\u00eda<\/strong> a tu celebraci\u00f3n.<br>Disponibles en varios colores y tejidos, las fundas se adaptan perfectamente a cada modelo, garantizando una <strong>presentaci\u00f3n impecable<\/strong> en bodas, banquetes, congresos o fiestas privadas.<br>\u2728 <em>Comodidad, dise\u00f1o y un toque de clase en cada asiento.<\/em><\/p>\n<\/div><\/div>\n\n\n\n<figure class=\"wp-block-image size-full\"><img loading=\"lazy\" decoding=\"async\" width=\"1024\" height=\"1024\" src=\"https:\/\/cadiresitaules.com\/wp-content\/uploads\/2025\/10\/ChatGPT-Image-21-oct-2025-12_15_49.png\" alt=\"\" class=\"wp-image-120\" srcset=\"https:\/\/cadiresitaules.com\/wp-content\/uploads\/2025\/10\/ChatGPT-Image-21-oct-2025-12_15_49.png 1024w, https:\/\/cadiresitaules.com\/wp-content\/uploads\/2025\/10\/ChatGPT-Image-21-oct-2025-12_15_49-300x300.png 300w, https:\/\/cadiresitaules.com\/wp-content\/uploads\/2025\/10\/ChatGPT-Image-21-oct-2025-12_15_49-150x150.png 150w, https:\/\/cadiresitaules.com\/wp-content\/uploads\/2025\/10\/ChatGPT-Image-21-oct-2025-12_15_49-768x768.png 768w, https:\/\/cadiresitaules.com\/wp-content\/uploads\/2025\/10\/ChatGPT-Image-21-oct-2025-12_15_49-600x600.png 600w\" sizes=\"auto, (max-width: 1024px) 100vw, 1024px\" \/><\/figure>\n\n\n\n<figure class=\"wp-block-gallery has-nested-images columns-default is-cropped wp-block-gallery-2 is-layout-flex wp-block-gallery-is-layout-flex\">\n<figure class=\"wp-block-image size-large\"><img loading=\"lazy\" decoding=\"async\" width=\"780\" height=\"520\" data-id=\"95\" src=\"https:\/\/cadiresitaules.com\/wp-content\/uploads\/2025\/06\/cumpleanos.webp\" alt=\"\" class=\"wp-image-95\" srcset=\"https:\/\/cadiresitaules.com\/wp-content\/uploads\/2025\/06\/cumpleanos.webp 780w, https:\/\/cadiresitaules.com\/wp-content\/uploads\/2025\/06\/cumpleanos-300x200.webp 300w, https:\/\/cadiresitaules.com\/wp-content\/uploads\/2025\/06\/cumpleanos-768x512.webp 768w\" sizes=\"auto, (max-width: 780px) 100vw, 780px\" \/><\/figure>\n\n\n\n<figure class=\"wp-block-image size-large\"><img loading=\"lazy\" decoding=\"async\" width=\"1024\" height=\"683\" data-id=\"96\" src=\"https:\/\/cadiresitaules.com\/wp-content\/uploads\/2025\/06\/mesa-de-boda-1-1024x683.jpg\" alt=\"\" class=\"wp-image-96\" srcset=\"https:\/\/cadiresitaules.com\/wp-content\/uploads\/2025\/06\/mesa-de-boda-1-1024x683.jpg 1024w, https:\/\/cadiresitaules.com\/wp-content\/uploads\/2025\/06\/mesa-de-boda-1-300x200.jpg 300w, https:\/\/cadiresitaules.com\/wp-content\/uploads\/2025\/06\/mesa-de-boda-1-768x512.jpg 768w, https:\/\/cadiresitaules.com\/wp-content\/uploads\/2025\/06\/mesa-de-boda-1.jpg 1536w\" sizes=\"auto, (max-width: 1024px) 100vw, 1024px\" \/><\/figure>\n\n\n\n<figure class=\"wp-block-image size-large\"><img loading=\"lazy\" decoding=\"async\" width=\"1024\" height=\"683\" data-id=\"94\" src=\"https:\/\/cadiresitaules.com\/wp-content\/uploads\/2025\/06\/mesa-de-bautizo-1024x683.jpg\" alt=\"\" class=\"wp-image-94\" srcset=\"https:\/\/cadiresitaules.com\/wp-content\/uploads\/2025\/06\/mesa-de-bautizo-1024x683.jpg 1024w, https:\/\/cadiresitaules.com\/wp-content\/uploads\/2025\/06\/mesa-de-bautizo-300x200.jpg 300w, https:\/\/cadiresitaules.com\/wp-content\/uploads\/2025\/06\/mesa-de-bautizo-768x512.jpg 768w, https:\/\/cadiresitaules.com\/wp-content\/uploads\/2025\/06\/mesa-de-bautizo-1536x1024.jpg 1536w, https:\/\/cadiresitaules.com\/wp-content\/uploads\/2025\/06\/mesa-de-bautizo.jpg 1920w\" sizes=\"auto, (max-width: 1024px) 100vw, 1024px\" \/><\/figure>\n\n\n\n<figure class=\"wp-block-image size-large\"><img loading=\"lazy\" decoding=\"async\" width=\"1024\" height=\"683\" data-id=\"92\" src=\"https:\/\/cadiresitaules.com\/wp-content\/uploads\/2025\/06\/mesa-de-boda-1024x683.jpg\" alt=\"\" class=\"wp-image-92\" srcset=\"https:\/\/cadiresitaules.com\/wp-content\/uploads\/2025\/06\/mesa-de-boda-1024x683.jpg 1024w, https:\/\/cadiresitaules.com\/wp-content\/uploads\/2025\/06\/mesa-de-boda-300x200.jpg 300w, https:\/\/cadiresitaules.com\/wp-content\/uploads\/2025\/06\/mesa-de-boda-768x512.jpg 768w, https:\/\/cadiresitaules.com\/wp-content\/uploads\/2025\/06\/mesa-de-boda.jpg 1536w\" sizes=\"auto, (max-width: 1024px) 100vw, 1024px\" \/><\/figure>\n\n\n\n<figure class=\"wp-block-image size-large\"><img loading=\"lazy\" decoding=\"async\" width=\"640\" height=\"480\" data-id=\"83\" src=\"https:\/\/cadiresitaules.com\/wp-content\/uploads\/2025\/06\/sillas-y-mesas-1.jpg\" alt=\"\" class=\"wp-image-83\" srcset=\"https:\/\/cadiresitaules.com\/wp-content\/uploads\/2025\/06\/sillas-y-mesas-1.jpg 640w, https:\/\/cadiresitaules.com\/wp-content\/uploads\/2025\/06\/sillas-y-mesas-1-300x225.jpg 300w\" sizes=\"auto, (max-width: 640px) 100vw, 640px\" \/><\/figure>\n\n\n\n<figure class=\"wp-block-image size-large\"><img loading=\"lazy\" decoding=\"async\" width=\"1024\" height=\"1024\" data-id=\"48\" src=\"https:\/\/cadiresitaules.com\/wp-content\/uploads\/2025\/06\/ChatGPT-Image-13-jun-2025-11_27_32.png\" alt=\"Lloguer cadires per a boda a Tarragona\" class=\"wp-image-48\" srcset=\"https:\/\/cadiresitaules.com\/wp-content\/uploads\/2025\/06\/ChatGPT-Image-13-jun-2025-11_27_32.png 1024w, https:\/\/cadiresitaules.com\/wp-content\/uploads\/2025\/06\/ChatGPT-Image-13-jun-2025-11_27_32-300x300.png 300w, https:\/\/cadiresitaules.com\/wp-content\/uploads\/2025\/06\/ChatGPT-Image-13-jun-2025-11_27_32-150x150.png 150w, https:\/\/cadiresitaules.com\/wp-content\/uploads\/2025\/06\/ChatGPT-Image-13-jun-2025-11_27_32-768x768.png 768w, https:\/\/cadiresitaules.com\/wp-content\/uploads\/2025\/06\/ChatGPT-Image-13-jun-2025-11_27_32-600x600.png 600w\" sizes=\"auto, (max-width: 1024px) 100vw, 1024px\" \/><\/figure>\n\n\n\n<figure class=\"wp-block-image size-large\"><img loading=\"lazy\" decoding=\"async\" width=\"1024\" height=\"683\" data-id=\"75\" src=\"https:\/\/cadiresitaules.com\/wp-content\/uploads\/2025\/06\/sillas-de-bautizos.jpg\" alt=\"\" class=\"wp-image-75\" srcset=\"https:\/\/cadiresitaules.com\/wp-content\/uploads\/2025\/06\/sillas-de-bautizos.jpg 1024w, https:\/\/cadiresitaules.com\/wp-content\/uploads\/2025\/06\/sillas-de-bautizos-300x200.jpg 300w, https:\/\/cadiresitaules.com\/wp-content\/uploads\/2025\/06\/sillas-de-bautizos-768x512.jpg 768w\" sizes=\"auto, (max-width: 1024px) 100vw, 1024px\" \/><\/figure>\n<\/figure>\n\n\n\n<div class=\"wp-block-columns is-layout-flex wp-container-core-columns-is-layout-9d6595d7 wp-block-columns-is-layout-flex\">\n<div class=\"wp-block-column is-layout-flow wp-block-column-is-layout-flow\" style=\"flex-basis:66.66%\"><\/div>\n<\/div>\n\n\n\n<p><\/p>\n","protected":false},"excerpt":{"rendered":"<p>Sillas para bodas \u2728 \u00a1Dise\u00f1o, confort y elegancia para tu gran d\u00eda! Descubre nuestra selecci\u00f3n de sillas para bodas y encuentra la perfecta para crear un ambiente \u00fanico y especial. Sillas para eventos \ud83c\udf89 \u00a1Celebra con estilo y comodidad! Encuentra las sillas perfectas para tu fiesta de cumplea\u00f1os y crea un ambiente \u00fanico para disfrutar [&hellip;]<\/p>\n","protected":false},"author":1,"featured_media":0,"parent":0,"menu_order":0,"comment_status":"closed","ping_status":"open","template":"","meta":{"footnotes":""},"class_list":["post-2","page","type-page","status-publish","hentry","entry"],"yoast_head":"<!-- This site is optimized with the Yoast SEO plugin v26.2 - https:\/\/yoast.com\/wordpress\/plugins\/seo\/ -->\n<title>Lloguer de cadires i taules a Tarragona - Lloguer de cadires i taules a Tarragona<\/title>\n<meta name=\"robots\" content=\"noindex, follow, max-snippet:-1, max-image-preview:large, max-video-preview:-1\" \/>\n<meta property=\"og:locale\" content=\"es_ES\" \/>\n<meta property=\"og:type\" content=\"article\" \/>\n<meta property=\"og:title\" content=\"Lloguer de cadires i taules a Tarragona - Lloguer de cadires i taules a Tarragona\" \/>\n<meta property=\"og:description\" content=\"Sillas para bodas \u2728 \u00a1Dise\u00f1o, confort y elegancia para tu gran d\u00eda! Descubre nuestra selecci\u00f3n de sillas para bodas y encuentra la perfecta para crear un ambiente \u00fanico y especial. Sillas para eventos \ud83c\udf89 \u00a1Celebra con estilo y comodidad! Encuentra las sillas perfectas para tu fiesta de cumplea\u00f1os y crea un ambiente \u00fanico para disfrutar [&hellip;]\" \/>\n<meta property=\"og:url\" content=\"https:\/\/cadiresitaules.com\/\" \/>\n<meta property=\"og:site_name\" content=\"Lloguer de cadires i taules a Tarragona\" \/>\n<meta property=\"article:modified_time\" content=\"2025-10-21T10:29:14+00:00\" \/>\n<meta property=\"og:image\" content=\"https:\/\/cadiresitaules.com\/wp-content\/uploads\/2025\/06\/ChatGPT-Image-13-jun-2025-11_27_32.png\" \/>\n\t<meta property=\"og:image:width\" content=\"1024\" \/>\n\t<meta property=\"og:image:height\" content=\"1024\" \/>\n\t<meta property=\"og:image:type\" content=\"image\/png\" \/>\n<meta name=\"twitter:card\" content=\"summary_large_image\" \/>\n<meta name=\"twitter:label1\" content=\"Tiempo de lectura\" \/>\n\t<meta name=\"twitter:data1\" content=\"3 minutos\" \/>\n<script type=\"application\/ld+json\" class=\"yoast-schema-graph\">{\"@context\":\"https:\/\/schema.org\",\"@graph\":[{\"@type\":\"WebPage\",\"@id\":\"https:\/\/cadiresitaules.com\/\",\"url\":\"https:\/\/cadiresitaules.com\/\",\"name\":\"Lloguer de cadires i taules a Tarragona - Lloguer de cadires i taules a Tarragona\",\"isPartOf\":{\"@id\":\"https:\/\/cadiresitaules.com\/#website\"},\"primaryImageOfPage\":{\"@id\":\"https:\/\/cadiresitaules.com\/#primaryimage\"},\"image\":{\"@id\":\"https:\/\/cadiresitaules.com\/#primaryimage\"},\"thumbnailUrl\":\"https:\/\/cadiresitaules.com\/wp-content\/uploads\/2025\/06\/ChatGPT-Image-13-jun-2025-11_27_32.png\",\"datePublished\":\"2025-06-13T07:57:31+00:00\",\"dateModified\":\"2025-10-21T10:29:14+00:00\",\"breadcrumb\":{\"@id\":\"https:\/\/cadiresitaules.com\/#breadcrumb\"},\"inLanguage\":\"es\",\"potentialAction\":[{\"@type\":\"ReadAction\",\"target\":[\"https:\/\/cadiresitaules.com\/\"]}]},{\"@type\":\"ImageObject\",\"inLanguage\":\"es\",\"@id\":\"https:\/\/cadiresitaules.com\/#primaryimage\",\"url\":\"https:\/\/cadiresitaules.com\/wp-content\/uploads\/2025\/06\/ChatGPT-Image-13-jun-2025-11_27_32.png\",\"contentUrl\":\"https:\/\/cadiresitaules.com\/wp-content\/uploads\/2025\/06\/ChatGPT-Image-13-jun-2025-11_27_32.png\",\"width\":1024,\"height\":1024,\"caption\":\"Lloguer cadires per a boda a Tarragona\"},{\"@type\":\"BreadcrumbList\",\"@id\":\"https:\/\/cadiresitaules.com\/#breadcrumb\",\"itemListElement\":[{\"@type\":\"ListItem\",\"position\":1,\"name\":\"Portada\",\"item\":\"https:\/\/cadiresitaules.com\/\"},{\"@type\":\"ListItem\",\"position\":2,\"name\":\"Lloguer de cadires i taules a Tarragona\"}]},{\"@type\":\"WebSite\",\"@id\":\"https:\/\/cadiresitaules.com\/#website\",\"url\":\"https:\/\/cadiresitaules.com\/\",\"name\":\"Lloguer de cadires i taules a Tarragona\",\"description\":\"Lloguer de cadires i taules per a esdeveniments a Tarragona. Qualitat, comoditat i servei puntual garantits.\",\"publisher\":{\"@id\":\"https:\/\/cadiresitaules.com\/#organization\"},\"potentialAction\":[{\"@type\":\"SearchAction\",\"target\":{\"@type\":\"EntryPoint\",\"urlTemplate\":\"https:\/\/cadiresitaules.com\/?s={search_term_string}\"},\"query-input\":{\"@type\":\"PropertyValueSpecification\",\"valueRequired\":true,\"valueName\":\"search_term_string\"}}],\"inLanguage\":\"es\"},{\"@type\":\"Organization\",\"@id\":\"https:\/\/cadiresitaules.com\/#organization\",\"name\":\"Lloguer de cadires i taules a Tarragona\",\"url\":\"https:\/\/cadiresitaules.com\/\",\"logo\":{\"@type\":\"ImageObject\",\"inLanguage\":\"es\",\"@id\":\"https:\/\/cadiresitaules.com\/#\/schema\/logo\/image\/\",\"url\":\"https:\/\/cadiresitaules.com\/wp-content\/uploads\/2025\/06\/logoMOBLARIA.png\",\"contentUrl\":\"https:\/\/cadiresitaules.com\/wp-content\/uploads\/2025\/06\/logoMOBLARIA.png\",\"width\":1324,\"height\":384,\"caption\":\"Lloguer de cadires i taules a Tarragona\"},\"image\":{\"@id\":\"https:\/\/cadiresitaules.com\/#\/schema\/logo\/image\/\"}}]}<\/script>\n<!-- \/ Yoast SEO plugin. -->","yoast_head_json":{"title":"Lloguer de cadires i taules a Tarragona - Lloguer de cadires i taules a Tarragona","robots":{"index":"noindex","follow":"follow","max-snippet":"max-snippet:-1","max-image-preview":"max-image-preview:large","max-video-preview":"max-video-preview:-1"},"og_locale":"es_ES","og_type":"article","og_title":"Lloguer de cadires i taules a Tarragona - Lloguer de cadires i taules a Tarragona","og_description":"Sillas para bodas \u2728 \u00a1Dise\u00f1o, confort y elegancia para tu gran d\u00eda! Descubre nuestra selecci\u00f3n de sillas para bodas y encuentra la perfecta para crear un ambiente \u00fanico y especial. Sillas para eventos \ud83c\udf89 \u00a1Celebra con estilo y comodidad! Encuentra las sillas perfectas para tu fiesta de cumplea\u00f1os y crea un ambiente \u00fanico para disfrutar [&hellip;]","og_url":"https:\/\/cadiresitaules.com\/","og_site_name":"Lloguer de cadires i taules a Tarragona","article_modified_time":"2025-10-21T10:29:14+00:00","og_image":[{"width":1024,"height":1024,"url":"https:\/\/cadiresitaules.com\/wp-content\/uploads\/2025\/06\/ChatGPT-Image-13-jun-2025-11_27_32.png","type":"image\/png"}],"twitter_card":"summary_large_image","twitter_misc":{"Tiempo de lectura":"3 minutos"},"schema":{"@context":"https:\/\/schema.org","@graph":[{"@type":"WebPage","@id":"https:\/\/cadiresitaules.com\/","url":"https:\/\/cadiresitaules.com\/","name":"Lloguer de cadires i taules a Tarragona - Lloguer de cadires i taules a Tarragona","isPartOf":{"@id":"https:\/\/cadiresitaules.com\/#website"},"primaryImageOfPage":{"@id":"https:\/\/cadiresitaules.com\/#primaryimage"},"image":{"@id":"https:\/\/cadiresitaules.com\/#primaryimage"},"thumbnailUrl":"https:\/\/cadiresitaules.com\/wp-content\/uploads\/2025\/06\/ChatGPT-Image-13-jun-2025-11_27_32.png","datePublished":"2025-06-13T07:57:31+00:00","dateModified":"2025-10-21T10:29:14+00:00","breadcrumb":{"@id":"https:\/\/cadiresitaules.com\/#breadcrumb"},"inLanguage":"es","potentialAction":[{"@type":"ReadAction","target":["https:\/\/cadiresitaules.com\/"]}]},{"@type":"ImageObject","inLanguage":"es","@id":"https:\/\/cadiresitaules.com\/#primaryimage","url":"https:\/\/cadiresitaules.com\/wp-content\/uploads\/2025\/06\/ChatGPT-Image-13-jun-2025-11_27_32.png","contentUrl":"https:\/\/cadiresitaules.com\/wp-content\/uploads\/2025\/06\/ChatGPT-Image-13-jun-2025-11_27_32.png","width":1024,"height":1024,"caption":"Lloguer cadires per a boda a Tarragona"},{"@type":"BreadcrumbList","@id":"https:\/\/cadiresitaules.com\/#breadcrumb","itemListElement":[{"@type":"ListItem","position":1,"name":"Portada","item":"https:\/\/cadiresitaules.com\/"},{"@type":"ListItem","position":2,"name":"Lloguer de cadires i taules a Tarragona"}]},{"@type":"WebSite","@id":"https:\/\/cadiresitaules.com\/#website","url":"https:\/\/cadiresitaules.com\/","name":"Lloguer de cadires i taules a Tarragona","description":"Lloguer de cadires i taules per a esdeveniments a Tarragona. Qualitat, comoditat i servei puntual garantits.","publisher":{"@id":"https:\/\/cadiresitaules.com\/#organization"},"potentialAction":[{"@type":"SearchAction","target":{"@type":"EntryPoint","urlTemplate":"https:\/\/cadiresitaules.com\/?s={search_term_string}"},"query-input":{"@type":"PropertyValueSpecification","valueRequired":true,"valueName":"search_term_string"}}],"inLanguage":"es"},{"@type":"Organization","@id":"https:\/\/cadiresitaules.com\/#organization","name":"Lloguer de cadires i taules a Tarragona","url":"https:\/\/cadiresitaules.com\/","logo":{"@type":"ImageObject","inLanguage":"es","@id":"https:\/\/cadiresitaules.com\/#\/schema\/logo\/image\/","url":"https:\/\/cadiresitaules.com\/wp-content\/uploads\/2025\/06\/logoMOBLARIA.png","contentUrl":"https:\/\/cadiresitaules.com\/wp-content\/uploads\/2025\/06\/logoMOBLARIA.png","width":1324,"height":384,"caption":"Lloguer de cadires i taules a Tarragona"},"image":{"@id":"https:\/\/cadiresitaules.com\/#\/schema\/logo\/image\/"}}]}},"_links":{"self":[{"href":"https:\/\/cadiresitaules.com\/index.php?rest_route=\/wp\/v2\/pages\/2","targetHints":{"allow":["GET"]}}],"collection":[{"href":"https:\/\/cadiresitaules.com\/index.php?rest_route=\/wp\/v2\/pages"}],"about":[{"href":"https:\/\/cadiresitaules.com\/index.php?rest_route=\/wp\/v2\/types\/page"}],"author":[{"embeddable":true,"href":"https:\/\/cadiresitaules.com\/index.php?rest_route=\/wp\/v2\/users\/1"}],"replies":[{"embeddable":true,"href":"https:\/\/cadiresitaules.com\/index.php?rest_route=%2Fwp%2Fv2%2Fcomments&post=2"}],"version-history":[{"count":57,"href":"https:\/\/cadiresitaules.com\/index.php?rest_route=\/wp\/v2\/pages\/2\/revisions"}],"predecessor-version":[{"id":139,"href":"https:\/\/cadiresitaules.com\/index.php?rest_route=\/wp\/v2\/pages\/2\/revisions\/139"}],"wp:attachment":[{"href":"https:\/\/cadiresitaules.com\/index.php?rest_route=%2Fwp%2Fv2%2Fmedia&parent=2"}],"curies":[{"name":"wp","href":"https:\/\/api.w.org\/{rel}","templated":true}]}}